{"id":5060,"date":"2024-10-26T15:21:16","date_gmt":"2024-10-26T15:21:16","guid":{"rendered":"https:\/\/kellyleaning.com\/?post_type=product&#038;p=5060"},"modified":"2024-12-06T11:05:08","modified_gmt":"2024-12-06T11:05:08","slug":"akashic-healing-experience-with-lady-venus-and-sanat-kumara","status":"publish","type":"product","link":"https:\/\/kellyleaning.com\/de\/produkt\/akashic-healing-experience-with-lady-venus-and-sanat-kumara\/","title":{"rendered":"Akasha-Heilungserfahrung mit Lady Venus und Sanat Kumara"},"content":{"rendered":"","protected":false},"excerpt":{"rendered":"<p>Diese \u00dcbertragung ist eine kraftvolle Lichtaktivierung von Sanat Kumara, verk\u00f6rpert durch tiefe Herzheilung. Es ist Zeit, Ihr Licht mit der Welt zu teilen und Ihre innere F\u00fchrung laut und deutlich durchkommen zu lassen. Lassen Sie den g\u00f6ttlichen Plan f\u00fcr Sie sich entfalten. Aktivieren Sie gemeinsam mit Lady Venus das Herz, um sich an das kosmische Licht zu erinnern, das Sie hier teilen sollen. Lady Venus unterst\u00fctzt Sie mit Downloads und Verst\u00e4ndnis, das in Ihr Bewusstsein dringt, w\u00e4hrend die Wahrheit enth\u00fcllt wird, und l\u00e4dt Sie ein, nicht nur f\u00fcr sich selbst, sondern auch f\u00fcr andere eine Lichts\u00e4ule zu sein.<\/p>","protected":false},"featured_media":5061,"template":"","meta":{"_ppp_document_settings_meta":"","_links_to":"","_links_to_target":""},"product_cat":[107],"product_tag":[],"class_list":{"0":"post-5060","1":"product","2":"type-product","3":"status-publish","4":"has-post-thumbnail","6":"product_cat-meditations","8":"first","9":"instock","10":"virtual","11":"purchasable","12":"product-type-simple"},"bundled_by":[],"bundle_stock_status":"instock","bundle_stock_quantity":null,"bundle_virtual":false,"bundle_layout":"","bundle_add_to_cart_form_location":"","bundle_editable_in_cart":false,"bundle_sold_individually_context":"","bundle_item_grouping":"","bundle_min_size":"","bundle_max_size":"","bundle_price":[],"bundled_items":[],"bundle_sell_ids":[],"yoast_head":"<!-- This site is optimized with the Yoast SEO plugin v24.0 - https:\/\/yoast.com\/wordpress\/plugins\/seo\/ -->\n<title>Akashic Healing Experience with Lady Venus and Sanat Kumara | Kelly Leaning<\/title>\n<meta name=\"description\" content=\"Explore unique spiritual tools and resources crafted by Kelly Leaning to support your self-healing journey, intuitive growth, and energy alignment.\" \/>\n<meta name=\"robots\" content=\"index, follow, max-snippet:-1, max-image-preview:large, max-video-preview:-1\" \/>\n<link rel=\"canonical\" href=\"https:\/\/kellyleaning.com\/de\/produkt\/akashic-healing-experience-with-lady-venus-and-sanat-kumara\/\" \/>\n<meta property=\"og:locale\" content=\"de_DE\" \/>\n<meta property=\"og:type\" content=\"article\" \/>\n<meta property=\"og:title\" content=\"Akashic Healing Experience with Lady Venus and Sanat Kumara | Kelly Leaning\" \/>\n<meta property=\"og:description\" content=\"Explore unique spiritual tools and resources crafted by Kelly Leaning to support your self-healing journey, intuitive growth, and energy alignment.\" \/>\n<meta property=\"og:url\" content=\"https:\/\/kellyleaning.com\/de\/produkt\/akashic-healing-experience-with-lady-venus-and-sanat-kumara\/\" \/>\n<meta property=\"og:site_name\" content=\"Kelly Leaning\" \/>\n<meta property=\"article:modified_time\" content=\"2024-12-06T11:05:08+00:00\" \/>\n<meta property=\"og:image\" content=\"https:\/\/kellyleaning.com\/wp-content\/uploads\/1.jpg\" \/>\n\t<meta property=\"og:image:width\" content=\"642\" \/>\n\t<meta property=\"og:image:height\" content=\"361\" \/>\n\t<meta property=\"og:image:type\" content=\"image\/jpeg\" \/>\n<meta name=\"twitter:card\" content=\"summary_large_image\" \/>\n<script type=\"application\/ld+json\" class=\"yoast-schema-graph\">{\"@context\":\"https:\/\/schema.org\",\"@graph\":[{\"@type\":[\"WebPage\",\"ItemPage\"],\"@id\":\"https:\/\/kellyleaning.com\/product\/akashic-healing-experience-with-lady-venus-and-sanat-kumara\/\",\"url\":\"https:\/\/kellyleaning.com\/product\/akashic-healing-experience-with-lady-venus-and-sanat-kumara\/\",\"name\":\"Akashic Healing Experience with Lady Venus and Sanat Kumara | Kelly Leaning\",\"isPartOf\":{\"@id\":\"https:\/\/kellyleaning.com\/#website\"},\"primaryImageOfPage\":{\"@id\":\"https:\/\/kellyleaning.com\/product\/akashic-healing-experience-with-lady-venus-and-sanat-kumara\/#primaryimage\"},\"image\":{\"@id\":\"https:\/\/kellyleaning.com\/product\/akashic-healing-experience-with-lady-venus-and-sanat-kumara\/#primaryimage\"},\"thumbnailUrl\":\"https:\/\/kellyleaning.com\/wp-content\/uploads\/1.jpg\",\"datePublished\":\"2024-10-26T15:21:16+00:00\",\"dateModified\":\"2024-12-06T11:05:08+00:00\",\"description\":\"Explore unique spiritual tools and resources crafted by Kelly Leaning to support your self-healing journey, intuitive growth, and energy alignment.\",\"breadcrumb\":{\"@id\":\"https:\/\/kellyleaning.com\/product\/akashic-healing-experience-with-lady-venus-and-sanat-kumara\/#breadcrumb\"},\"inLanguage\":\"de\",\"potentialAction\":[{\"@type\":\"ReadAction\",\"target\":[\"https:\/\/kellyleaning.com\/product\/akashic-healing-experience-with-lady-venus-and-sanat-kumara\/\"]}]},{\"@type\":\"ImageObject\",\"inLanguage\":\"de\",\"@id\":\"https:\/\/kellyleaning.com\/product\/akashic-healing-experience-with-lady-venus-and-sanat-kumara\/#primaryimage\",\"url\":\"https:\/\/kellyleaning.com\/wp-content\/uploads\/1.jpg\",\"contentUrl\":\"https:\/\/kellyleaning.com\/wp-content\/uploads\/1.jpg\",\"width\":642,\"height\":361,\"caption\":\"1\"},{\"@type\":\"BreadcrumbList\",\"@id\":\"https:\/\/kellyleaning.com\/product\/akashic-healing-experience-with-lady-venus-and-sanat-kumara\/#breadcrumb\",\"itemListElement\":[{\"@type\":\"ListItem\",\"position\":1,\"name\":\"Home\",\"item\":\"https:\/\/kellyleaning.com\/\"},{\"@type\":\"ListItem\",\"position\":2,\"name\":\"Shop\",\"item\":\"https:\/\/kellyleaning.com\/shop\/\"},{\"@type\":\"ListItem\",\"position\":3,\"name\":\"Akashic Healing Experience with Lady Venus and Sanat Kumara\"}]},{\"@type\":\"WebSite\",\"@id\":\"https:\/\/kellyleaning.com\/#website\",\"url\":\"https:\/\/kellyleaning.com\/\",\"name\":\"Kelly Leaning | Akashic Records Angelic Channelling Usui Holy Fire World Peace Reiki\",\"description\":\"Akashic Records Angelic Channelling Usui Holy Fire World Peace Reiki\",\"publisher\":{\"@id\":\"https:\/\/kellyleaning.com\/#organization\"},\"potentialAction\":[{\"@type\":\"SearchAction\",\"target\":{\"@type\":\"EntryPoint\",\"urlTemplate\":\"https:\/\/kellyleaning.com\/?s={search_term_string}\"},\"query-input\":{\"@type\":\"PropertyValueSpecification\",\"valueRequired\":true,\"valueName\":\"search_term_string\"}}],\"inLanguage\":\"de\"},{\"@type\":\"Organization\",\"@id\":\"https:\/\/kellyleaning.com\/#organization\",\"name\":\"Kelly Leaning | Akashic Records Angelic Channelling Usui Holy Fire World Peace Reiki\",\"url\":\"https:\/\/kellyleaning.com\/\",\"logo\":{\"@type\":\"ImageObject\",\"inLanguage\":\"de\",\"@id\":\"https:\/\/kellyleaning.com\/#\/schema\/logo\/image\/\",\"url\":\"https:\/\/kellyleaning.com\/wp-content\/uploads\/social-logo-scaled.jpg\",\"contentUrl\":\"https:\/\/kellyleaning.com\/wp-content\/uploads\/social-logo-scaled.jpg\",\"width\":2560,\"height\":1343,\"caption\":\"Kelly Leaning | Akashic Records Angelic Channelling Usui Holy Fire World Peace Reiki\"},\"image\":{\"@id\":\"https:\/\/kellyleaning.com\/#\/schema\/logo\/image\/\"},\"sameAs\":[\"http:\/\/instagram.com\/kellyleaning\",\"https:\/\/kellyleaning.teachable.com\/\",\"https:\/\/www.youtube.com\/channel\/UCL8l5zKj8gXEin7p0ZXGLPA\"]}]}<\/script>\n<!-- \/ Yoast SEO plugin. -->","yoast_head_json":{"title":"Akashic Healing Experience with Lady Venus and Sanat Kumara | Kelly Leaning","description":"Explore unique spiritual tools and resources crafted by Kelly Leaning to support your self-healing journey, intuitive growth, and energy alignment.","robots":{"index":"index","follow":"follow","max-snippet":"max-snippet:-1","max-image-preview":"max-image-preview:large","max-video-preview":"max-video-preview:-1"},"canonical":"https:\/\/kellyleaning.com\/de\/produkt\/akashic-healing-experience-with-lady-venus-and-sanat-kumara\/","og_locale":"de_DE","og_type":"article","og_title":"Akashic Healing Experience with Lady Venus and Sanat Kumara | Kelly Leaning","og_description":"Explore unique spiritual tools and resources crafted by Kelly Leaning to support your self-healing journey, intuitive growth, and energy alignment.","og_url":"https:\/\/kellyleaning.com\/de\/produkt\/akashic-healing-experience-with-lady-venus-and-sanat-kumara\/","og_site_name":"Kelly Leaning","article_modified_time":"2024-12-06T11:05:08+00:00","og_image":[{"width":642,"height":361,"url":"https:\/\/kellyleaning.com\/wp-content\/uploads\/1.jpg","type":"image\/jpeg"}],"twitter_card":"summary_large_image","schema":{"@context":"https:\/\/schema.org","@graph":[{"@type":["WebPage","ItemPage"],"@id":"https:\/\/kellyleaning.com\/product\/akashic-healing-experience-with-lady-venus-and-sanat-kumara\/","url":"https:\/\/kellyleaning.com\/product\/akashic-healing-experience-with-lady-venus-and-sanat-kumara\/","name":"Akashic Healing Experience with Lady Venus and Sanat Kumara | Kelly Leaning","isPartOf":{"@id":"https:\/\/kellyleaning.com\/#website"},"primaryImageOfPage":{"@id":"https:\/\/kellyleaning.com\/product\/akashic-healing-experience-with-lady-venus-and-sanat-kumara\/#primaryimage"},"image":{"@id":"https:\/\/kellyleaning.com\/product\/akashic-healing-experience-with-lady-venus-and-sanat-kumara\/#primaryimage"},"thumbnailUrl":"https:\/\/kellyleaning.com\/wp-content\/uploads\/1.jpg","datePublished":"2024-10-26T15:21:16+00:00","dateModified":"2024-12-06T11:05:08+00:00","description":"Explore unique spiritual tools and resources crafted by Kelly Leaning to support your self-healing journey, intuitive growth, and energy alignment.","breadcrumb":{"@id":"https:\/\/kellyleaning.com\/product\/akashic-healing-experience-with-lady-venus-and-sanat-kumara\/#breadcrumb"},"inLanguage":"de","potentialAction":[{"@type":"ReadAction","target":["https:\/\/kellyleaning.com\/product\/akashic-healing-experience-with-lady-venus-and-sanat-kumara\/"]}]},{"@type":"ImageObject","inLanguage":"de","@id":"https:\/\/kellyleaning.com\/product\/akashic-healing-experience-with-lady-venus-and-sanat-kumara\/#primaryimage","url":"https:\/\/kellyleaning.com\/wp-content\/uploads\/1.jpg","contentUrl":"https:\/\/kellyleaning.com\/wp-content\/uploads\/1.jpg","width":642,"height":361,"caption":"1"},{"@type":"BreadcrumbList","@id":"https:\/\/kellyleaning.com\/product\/akashic-healing-experience-with-lady-venus-and-sanat-kumara\/#breadcrumb","itemListElement":[{"@type":"ListItem","position":1,"name":"Home","item":"https:\/\/kellyleaning.com\/"},{"@type":"ListItem","position":2,"name":"Shop","item":"https:\/\/kellyleaning.com\/shop\/"},{"@type":"ListItem","position":3,"name":"Akashic Healing Experience with Lady Venus and Sanat Kumara"}]},{"@type":"WebSite","@id":"https:\/\/kellyleaning.com\/#website","url":"https:\/\/kellyleaning.com\/","name":"Kelly Leaning | Akashic Records Angelic Channelling Usui Holy Fire World Peace Reiki","description":"Akashic Records Angelic Channelling Usui Holy Fire World Peace Reiki","publisher":{"@id":"https:\/\/kellyleaning.com\/#organization"},"potentialAction":[{"@type":"SearchAction","target":{"@type":"EntryPoint","urlTemplate":"https:\/\/kellyleaning.com\/?s={search_term_string}"},"query-input":{"@type":"PropertyValueSpecification","valueRequired":true,"valueName":"search_term_string"}}],"inLanguage":"de"},{"@type":"Organization","@id":"https:\/\/kellyleaning.com\/#organization","name":"Kelly Leaning | Akashic Records Angelic Channelling Usui Holy Fire World Peace Reiki","url":"https:\/\/kellyleaning.com\/","logo":{"@type":"ImageObject","inLanguage":"de","@id":"https:\/\/kellyleaning.com\/#\/schema\/logo\/image\/","url":"https:\/\/kellyleaning.com\/wp-content\/uploads\/social-logo-scaled.jpg","contentUrl":"https:\/\/kellyleaning.com\/wp-content\/uploads\/social-logo-scaled.jpg","width":2560,"height":1343,"caption":"Kelly Leaning | Akashic Records Angelic Channelling Usui Holy Fire World Peace Reiki"},"image":{"@id":"https:\/\/kellyleaning.com\/#\/schema\/logo\/image\/"},"sameAs":["http:\/\/instagram.com\/kellyleaning","https:\/\/kellyleaning.teachable.com\/","https:\/\/www.youtube.com\/channel\/UCL8l5zKj8gXEin7p0ZXGLPA"]}]}},"_links":{"self":[{"href":"https:\/\/kellyleaning.com\/de\/wp-json\/wp\/v2\/product\/5060"}],"collection":[{"href":"https:\/\/kellyleaning.com\/de\/wp-json\/wp\/v2\/product"}],"about":[{"href":"https:\/\/kellyleaning.com\/de\/wp-json\/wp\/v2\/types\/product"}],"wp:featuredmedia":[{"embeddable":true,"href":"https:\/\/kellyleaning.com\/de\/wp-json\/wp\/v2\/media\/5061"}],"wp:attachment":[{"href":"https:\/\/kellyleaning.com\/de\/wp-json\/wp\/v2\/media?parent=5060"}],"wp:term":[{"taxonomy":"product_cat","embeddable":true,"href":"https:\/\/kellyleaning.com\/de\/wp-json\/wp\/v2\/product_cat?post=5060"},{"taxonomy":"product_tag","embeddable":true,"href":"https:\/\/kellyleaning.com\/de\/wp-json\/wp\/v2\/product_tag?post=5060"}],"curies":[{"name":"wp","href":"https:\/\/api.w.org\/{rel}","templated":true}]}}