{"id":4877,"date":"2024-09-16T18:15:04","date_gmt":"2024-09-16T18:15:04","guid":{"rendered":"https:\/\/kellyleaning.com\/?post_type=product&#038;p=4877"},"modified":"2024-12-06T11:07:23","modified_gmt":"2024-12-06T11:07:23","slug":"akashic-healing-experience-sirius-gateway-7-7","status":"publish","type":"product","link":"https:\/\/kellyleaning.com\/de\/produkt\/akashic-healing-experience-sirius-gateway-7-7\/","title":{"rendered":"Akasha-Heilungserfahrung \u2013 Sirius Gateway 7.7"},"content":{"rendered":"","protected":false},"excerpt":{"rendered":"<p>Erleben die liebevolle Umarmung des Akasha-Chroniken. Lasse dich festhalten und unterst\u00fctzen, w\u00e4hrend du dich auf die Reise begeben, um alles zu kl\u00e4ren, zu reinigen und zu heilen, was zwischen dich und der Sch\u00f6nheit, die dich erwartet, steht. Schenke dir selbst eine Stunde, in der du dein eigenen heiligen Kelch auff\u00fcllst und dich mit deiner Seele und dem Kosmos verbindest.<\/p>","protected":false},"featured_media":4880,"template":"","meta":{"_ppp_document_settings_meta":"","_links_to":"","_links_to_target":""},"product_cat":[107],"product_tag":[],"class_list":{"0":"post-4877","1":"product","2":"type-product","3":"status-publish","4":"has-post-thumbnail","6":"product_cat-meditations","8":"first","9":"instock","10":"shipping-taxable","11":"purchasable","12":"product-type-simple"},"bundled_by":[],"bundle_stock_status":"instock","bundle_stock_quantity":null,"bundle_virtual":false,"bundle_layout":"","bundle_add_to_cart_form_location":"","bundle_editable_in_cart":false,"bundle_sold_individually_context":"","bundle_item_grouping":"","bundle_min_size":"","bundle_max_size":"","bundle_price":[],"bundled_items":[],"bundle_sell_ids":[],"yoast_head":"<!-- This site is optimized with the Yoast SEO plugin v24.0 - https:\/\/yoast.com\/wordpress\/plugins\/seo\/ -->\n<title>Akashic Healing Experience \u2013 Sirius Gateway 7.7 | Kelly Leaning<\/title>\n<meta name=\"description\" content=\"Explore unique spiritual tools and resources crafted by Kelly Leaning to support your self-healing journey, intuitive growth, and energy alignment.\" \/>\n<meta name=\"robots\" content=\"index, follow, max-snippet:-1, max-image-preview:large, max-video-preview:-1\" \/>\n<link rel=\"canonical\" href=\"https:\/\/kellyleaning.com\/de\/produkt\/akashic-healing-experience-sirius-gateway-7-7\/\" \/>\n<meta property=\"og:locale\" content=\"de_DE\" \/>\n<meta property=\"og:type\" content=\"article\" \/>\n<meta property=\"og:title\" content=\"Akashic Healing Experience \u2013 Sirius Gateway 7.7 | Kelly Leaning\" \/>\n<meta property=\"og:description\" content=\"Explore unique spiritual tools and resources crafted by Kelly Leaning to support your self-healing journey, intuitive growth, and energy alignment.\" \/>\n<meta property=\"og:url\" content=\"https:\/\/kellyleaning.com\/de\/produkt\/akashic-healing-experience-sirius-gateway-7-7\/\" \/>\n<meta property=\"og:site_name\" content=\"Kelly Leaning\" \/>\n<meta property=\"article:modified_time\" content=\"2024-12-06T11:07:23+00:00\" \/>\n<meta property=\"og:image\" content=\"https:\/\/kellyleaning.com\/wp-content\/uploads\/maxresdefault-4.jpg\" \/>\n\t<meta property=\"og:image:width\" content=\"1280\" \/>\n\t<meta property=\"og:image:height\" content=\"720\" \/>\n\t<meta property=\"og:image:type\" content=\"image\/jpeg\" \/>\n<meta name=\"twitter:card\" content=\"summary_large_image\" \/>\n<script type=\"application\/ld+json\" class=\"yoast-schema-graph\">{\"@context\":\"https:\/\/schema.org\",\"@graph\":[{\"@type\":[\"WebPage\",\"ItemPage\"],\"@id\":\"https:\/\/kellyleaning.com\/product\/akashic-healing-experience-sirius-gateway-7-7\/\",\"url\":\"https:\/\/kellyleaning.com\/product\/akashic-healing-experience-sirius-gateway-7-7\/\",\"name\":\"Akashic Healing Experience \u2013 Sirius Gateway 7.7 | Kelly Leaning\",\"isPartOf\":{\"@id\":\"https:\/\/kellyleaning.com\/#website\"},\"primaryImageOfPage\":{\"@id\":\"https:\/\/kellyleaning.com\/product\/akashic-healing-experience-sirius-gateway-7-7\/#primaryimage\"},\"image\":{\"@id\":\"https:\/\/kellyleaning.com\/product\/akashic-healing-experience-sirius-gateway-7-7\/#primaryimage\"},\"thumbnailUrl\":\"https:\/\/kellyleaning.com\/wp-content\/uploads\/maxresdefault-4.jpg\",\"datePublished\":\"2024-09-16T18:15:04+00:00\",\"dateModified\":\"2024-12-06T11:07:23+00:00\",\"description\":\"Explore unique spiritual tools and resources crafted by Kelly Leaning to support your self-healing journey, intuitive growth, and energy alignment.\",\"breadcrumb\":{\"@id\":\"https:\/\/kellyleaning.com\/product\/akashic-healing-experience-sirius-gateway-7-7\/#breadcrumb\"},\"inLanguage\":\"de\",\"potentialAction\":[{\"@type\":\"ReadAction\",\"target\":[\"https:\/\/kellyleaning.com\/product\/akashic-healing-experience-sirius-gateway-7-7\/\"]}]},{\"@type\":\"ImageObject\",\"inLanguage\":\"de\",\"@id\":\"https:\/\/kellyleaning.com\/product\/akashic-healing-experience-sirius-gateway-7-7\/#primaryimage\",\"url\":\"https:\/\/kellyleaning.com\/wp-content\/uploads\/maxresdefault-4.jpg\",\"contentUrl\":\"https:\/\/kellyleaning.com\/wp-content\/uploads\/maxresdefault-4.jpg\",\"width\":1280,\"height\":720,\"caption\":\"maxresdefault 4\"},{\"@type\":\"BreadcrumbList\",\"@id\":\"https:\/\/kellyleaning.com\/product\/akashic-healing-experience-sirius-gateway-7-7\/#breadcrumb\",\"itemListElement\":[{\"@type\":\"ListItem\",\"position\":1,\"name\":\"Home\",\"item\":\"https:\/\/kellyleaning.com\/\"},{\"@type\":\"ListItem\",\"position\":2,\"name\":\"Shop\",\"item\":\"https:\/\/kellyleaning.com\/shop\/\"},{\"@type\":\"ListItem\",\"position\":3,\"name\":\"Akashic Healing Experience \u2013 Sirius Gateway 7.7\"}]},{\"@type\":\"WebSite\",\"@id\":\"https:\/\/kellyleaning.com\/#website\",\"url\":\"https:\/\/kellyleaning.com\/\",\"name\":\"Kelly Leaning | Akashic Records Angelic Channelling Usui Holy Fire World Peace Reiki\",\"description\":\"Akashic Records Angelic Channelling Usui Holy Fire World Peace Reiki\",\"publisher\":{\"@id\":\"https:\/\/kellyleaning.com\/#organization\"},\"potentialAction\":[{\"@type\":\"SearchAction\",\"target\":{\"@type\":\"EntryPoint\",\"urlTemplate\":\"https:\/\/kellyleaning.com\/?s={search_term_string}\"},\"query-input\":{\"@type\":\"PropertyValueSpecification\",\"valueRequired\":true,\"valueName\":\"search_term_string\"}}],\"inLanguage\":\"de\"},{\"@type\":\"Organization\",\"@id\":\"https:\/\/kellyleaning.com\/#organization\",\"name\":\"Kelly Leaning | Akashic Records Angelic Channelling Usui Holy Fire World Peace Reiki\",\"url\":\"https:\/\/kellyleaning.com\/\",\"logo\":{\"@type\":\"ImageObject\",\"inLanguage\":\"de\",\"@id\":\"https:\/\/kellyleaning.com\/#\/schema\/logo\/image\/\",\"url\":\"https:\/\/kellyleaning.com\/wp-content\/uploads\/social-logo-scaled.jpg\",\"contentUrl\":\"https:\/\/kellyleaning.com\/wp-content\/uploads\/social-logo-scaled.jpg\",\"width\":2560,\"height\":1343,\"caption\":\"Kelly Leaning | Akashic Records Angelic Channelling Usui Holy Fire World Peace Reiki\"},\"image\":{\"@id\":\"https:\/\/kellyleaning.com\/#\/schema\/logo\/image\/\"},\"sameAs\":[\"http:\/\/instagram.com\/kellyleaning\",\"https:\/\/kellyleaning.teachable.com\/\",\"https:\/\/www.youtube.com\/channel\/UCL8l5zKj8gXEin7p0ZXGLPA\"]}]}<\/script>\n<!-- \/ Yoast SEO plugin. -->","yoast_head_json":{"title":"Akashic Healing Experience \u2013 Sirius Gateway 7.7 | Kelly Leaning","description":"Explore unique spiritual tools and resources crafted by Kelly Leaning to support your self-healing journey, intuitive growth, and energy alignment.","robots":{"index":"index","follow":"follow","max-snippet":"max-snippet:-1","max-image-preview":"max-image-preview:large","max-video-preview":"max-video-preview:-1"},"canonical":"https:\/\/kellyleaning.com\/de\/produkt\/akashic-healing-experience-sirius-gateway-7-7\/","og_locale":"de_DE","og_type":"article","og_title":"Akashic Healing Experience \u2013 Sirius Gateway 7.7 | Kelly Leaning","og_description":"Explore unique spiritual tools and resources crafted by Kelly Leaning to support your self-healing journey, intuitive growth, and energy alignment.","og_url":"https:\/\/kellyleaning.com\/de\/produkt\/akashic-healing-experience-sirius-gateway-7-7\/","og_site_name":"Kelly Leaning","article_modified_time":"2024-12-06T11:07:23+00:00","og_image":[{"width":1280,"height":720,"url":"https:\/\/kellyleaning.com\/wp-content\/uploads\/maxresdefault-4.jpg","type":"image\/jpeg"}],"twitter_card":"summary_large_image","schema":{"@context":"https:\/\/schema.org","@graph":[{"@type":["WebPage","ItemPage"],"@id":"https:\/\/kellyleaning.com\/product\/akashic-healing-experience-sirius-gateway-7-7\/","url":"https:\/\/kellyleaning.com\/product\/akashic-healing-experience-sirius-gateway-7-7\/","name":"Akashic Healing Experience \u2013 Sirius Gateway 7.7 | Kelly Leaning","isPartOf":{"@id":"https:\/\/kellyleaning.com\/#website"},"primaryImageOfPage":{"@id":"https:\/\/kellyleaning.com\/product\/akashic-healing-experience-sirius-gateway-7-7\/#primaryimage"},"image":{"@id":"https:\/\/kellyleaning.com\/product\/akashic-healing-experience-sirius-gateway-7-7\/#primaryimage"},"thumbnailUrl":"https:\/\/kellyleaning.com\/wp-content\/uploads\/maxresdefault-4.jpg","datePublished":"2024-09-16T18:15:04+00:00","dateModified":"2024-12-06T11:07:23+00:00","description":"Explore unique spiritual tools and resources crafted by Kelly Leaning to support your self-healing journey, intuitive growth, and energy alignment.","breadcrumb":{"@id":"https:\/\/kellyleaning.com\/product\/akashic-healing-experience-sirius-gateway-7-7\/#breadcrumb"},"inLanguage":"de","potentialAction":[{"@type":"ReadAction","target":["https:\/\/kellyleaning.com\/product\/akashic-healing-experience-sirius-gateway-7-7\/"]}]},{"@type":"ImageObject","inLanguage":"de","@id":"https:\/\/kellyleaning.com\/product\/akashic-healing-experience-sirius-gateway-7-7\/#primaryimage","url":"https:\/\/kellyleaning.com\/wp-content\/uploads\/maxresdefault-4.jpg","contentUrl":"https:\/\/kellyleaning.com\/wp-content\/uploads\/maxresdefault-4.jpg","width":1280,"height":720,"caption":"maxresdefault 4"},{"@type":"BreadcrumbList","@id":"https:\/\/kellyleaning.com\/product\/akashic-healing-experience-sirius-gateway-7-7\/#breadcrumb","itemListElement":[{"@type":"ListItem","position":1,"name":"Home","item":"https:\/\/kellyleaning.com\/"},{"@type":"ListItem","position":2,"name":"Shop","item":"https:\/\/kellyleaning.com\/shop\/"},{"@type":"ListItem","position":3,"name":"Akashic Healing Experience \u2013 Sirius Gateway 7.7"}]},{"@type":"WebSite","@id":"https:\/\/kellyleaning.com\/#website","url":"https:\/\/kellyleaning.com\/","name":"Kelly Leaning | Akashic Records Angelic Channelling Usui Holy Fire World Peace Reiki","description":"Akashic Records Angelic Channelling Usui Holy Fire World Peace Reiki","publisher":{"@id":"https:\/\/kellyleaning.com\/#organization"},"potentialAction":[{"@type":"SearchAction","target":{"@type":"EntryPoint","urlTemplate":"https:\/\/kellyleaning.com\/?s={search_term_string}"},"query-input":{"@type":"PropertyValueSpecification","valueRequired":true,"valueName":"search_term_string"}}],"inLanguage":"de"},{"@type":"Organization","@id":"https:\/\/kellyleaning.com\/#organization","name":"Kelly Leaning | Akashic Records Angelic Channelling Usui Holy Fire World Peace Reiki","url":"https:\/\/kellyleaning.com\/","logo":{"@type":"ImageObject","inLanguage":"de","@id":"https:\/\/kellyleaning.com\/#\/schema\/logo\/image\/","url":"https:\/\/kellyleaning.com\/wp-content\/uploads\/social-logo-scaled.jpg","contentUrl":"https:\/\/kellyleaning.com\/wp-content\/uploads\/social-logo-scaled.jpg","width":2560,"height":1343,"caption":"Kelly Leaning | Akashic Records Angelic Channelling Usui Holy Fire World Peace Reiki"},"image":{"@id":"https:\/\/kellyleaning.com\/#\/schema\/logo\/image\/"},"sameAs":["http:\/\/instagram.com\/kellyleaning","https:\/\/kellyleaning.teachable.com\/","https:\/\/www.youtube.com\/channel\/UCL8l5zKj8gXEin7p0ZXGLPA"]}]}},"_links":{"self":[{"href":"https:\/\/kellyleaning.com\/de\/wp-json\/wp\/v2\/product\/4877"}],"collection":[{"href":"https:\/\/kellyleaning.com\/de\/wp-json\/wp\/v2\/product"}],"about":[{"href":"https:\/\/kellyleaning.com\/de\/wp-json\/wp\/v2\/types\/product"}],"wp:featuredmedia":[{"embeddable":true,"href":"https:\/\/kellyleaning.com\/de\/wp-json\/wp\/v2\/media\/4880"}],"wp:attachment":[{"href":"https:\/\/kellyleaning.com\/de\/wp-json\/wp\/v2\/media?parent=4877"}],"wp:term":[{"taxonomy":"product_cat","embeddable":true,"href":"https:\/\/kellyleaning.com\/de\/wp-json\/wp\/v2\/product_cat?post=4877"},{"taxonomy":"product_tag","embeddable":true,"href":"https:\/\/kellyleaning.com\/de\/wp-json\/wp\/v2\/product_tag?post=4877"}],"curies":[{"name":"wp","href":"https:\/\/api.w.org\/{rel}","templated":true}]}}