{"id":4854,"date":"2024-09-16T16:13:35","date_gmt":"2024-09-16T16:13:35","guid":{"rendered":"https:\/\/kellyleaning.com\/?post_type=product&#038;p=4854"},"modified":"2024-10-26T14:55:23","modified_gmt":"2024-10-26T14:55:23","slug":"akashic-healing-experience-release-reset-recalibrate","status":"publish","type":"product","link":"https:\/\/kellyleaning.com\/de\/produkt\/akashic-healing-experience-release-reset-recalibrate\/","title":{"rendered":"Akasha-Heilungserfahrung \u2013 Loslassen, zur\u00fccksetzen, neu kalibrieren"},"content":{"rendered":"","protected":false},"excerpt":{"rendered":"<p>Wenn Sie sich diese Zeit f\u00fcr eine Reise in das Reich des Akasha g\u00f6nnen, werden Sie von den F\u00fchrern liebevoll umarmt, um alles loszulassen, was Ihnen nicht mehr dient. Sie aktivieren den g\u00f6ttlichen Neustart, den Sie im gegebenen Moment brauchen, und schaffen den Raum und die energetische Neukalibrierung, damit Sie wirklich Ihre g\u00f6ttliche Essenz und innere Kraft entdecken k\u00f6nnen. Verbinden Sie Ihre Seele mit dem Kosmos und lassen Sie zu, dass Ihr heiliger Kelch liebevoll mit der Erfrischung gef\u00fcllt wird, die Ihr Nervensystem verlangt.<\/p>","protected":false},"featured_media":4856,"template":"","meta":{"_ppp_document_settings_meta":"","_links_to":"","_links_to_target":""},"product_cat":[107],"product_tag":[],"class_list":{"0":"post-4854","1":"product","2":"type-product","3":"status-publish","4":"has-post-thumbnail","6":"product_cat-meditations","8":"first","9":"instock","10":"virtual","11":"purchasable","12":"product-type-simple"},"bundled_by":[],"bundle_stock_status":"instock","bundle_stock_quantity":null,"bundle_virtual":false,"bundle_layout":"","bundle_add_to_cart_form_location":"","bundle_editable_in_cart":false,"bundle_sold_individually_context":"","bundle_item_grouping":"","bundle_min_size":"","bundle_max_size":"","bundle_price":[],"bundled_items":[],"bundle_sell_ids":[],"yoast_head":"<!-- This site is optimized with the Yoast SEO plugin v24.0 - https:\/\/yoast.com\/wordpress\/plugins\/seo\/ -->\n<title>Akashic Healing Experience - Release, Reset, Recalibrate | Kelly Leaning<\/title>\n<meta name=\"description\" content=\"Explore unique spiritual tools and resources crafted by Kelly Leaning to support your self-healing journey, intuitive growth, and energy alignment.\" \/>\n<meta name=\"robots\" content=\"index, follow, max-snippet:-1, max-image-preview:large, max-video-preview:-1\" \/>\n<link rel=\"canonical\" href=\"https:\/\/kellyleaning.com\/de\/produkt\/akashic-healing-experience-release-reset-recalibrate\/\" \/>\n<meta property=\"og:locale\" content=\"de_DE\" \/>\n<meta property=\"og:type\" content=\"article\" \/>\n<meta property=\"og:title\" content=\"Akashic Healing Experience - Release, Reset, Recalibrate | Kelly Leaning\" \/>\n<meta property=\"og:description\" content=\"Explore unique spiritual tools and resources crafted by Kelly Leaning to support your self-healing journey, intuitive growth, and energy alignment.\" \/>\n<meta property=\"og:url\" content=\"https:\/\/kellyleaning.com\/de\/produkt\/akashic-healing-experience-release-reset-recalibrate\/\" \/>\n<meta property=\"og:site_name\" content=\"Kelly Leaning\" \/>\n<meta property=\"article:modified_time\" content=\"2024-10-26T14:55:23+00:00\" \/>\n<meta property=\"og:image\" content=\"https:\/\/kellyleaning.com\/wp-content\/uploads\/maxresdefault-1-1.jpg\" \/>\n\t<meta property=\"og:image:width\" content=\"1280\" \/>\n\t<meta property=\"og:image:height\" content=\"720\" \/>\n\t<meta property=\"og:image:type\" content=\"image\/jpeg\" \/>\n<meta name=\"twitter:card\" content=\"summary_large_image\" \/>\n<script type=\"application\/ld+json\" class=\"yoast-schema-graph\">{\"@context\":\"https:\/\/schema.org\",\"@graph\":[{\"@type\":[\"WebPage\",\"ItemPage\"],\"@id\":\"https:\/\/kellyleaning.com\/product\/akashic-healing-experience-release-reset-recalibrate\/\",\"url\":\"https:\/\/kellyleaning.com\/product\/akashic-healing-experience-release-reset-recalibrate\/\",\"name\":\"Akashic Healing Experience - Release, Reset, Recalibrate | Kelly Leaning\",\"isPartOf\":{\"@id\":\"https:\/\/kellyleaning.com\/#website\"},\"primaryImageOfPage\":{\"@id\":\"https:\/\/kellyleaning.com\/product\/akashic-healing-experience-release-reset-recalibrate\/#primaryimage\"},\"image\":{\"@id\":\"https:\/\/kellyleaning.com\/product\/akashic-healing-experience-release-reset-recalibrate\/#primaryimage\"},\"thumbnailUrl\":\"https:\/\/kellyleaning.com\/wp-content\/uploads\/maxresdefault-1-1.jpg\",\"datePublished\":\"2024-09-16T16:13:35+00:00\",\"dateModified\":\"2024-10-26T14:55:23+00:00\",\"description\":\"Explore unique spiritual tools and resources crafted by Kelly Leaning to support your self-healing journey, intuitive growth, and energy alignment.\",\"breadcrumb\":{\"@id\":\"https:\/\/kellyleaning.com\/product\/akashic-healing-experience-release-reset-recalibrate\/#breadcrumb\"},\"inLanguage\":\"de\",\"potentialAction\":[{\"@type\":\"ReadAction\",\"target\":[\"https:\/\/kellyleaning.com\/product\/akashic-healing-experience-release-reset-recalibrate\/\"]}]},{\"@type\":\"ImageObject\",\"inLanguage\":\"de\",\"@id\":\"https:\/\/kellyleaning.com\/product\/akashic-healing-experience-release-reset-recalibrate\/#primaryimage\",\"url\":\"https:\/\/kellyleaning.com\/wp-content\/uploads\/maxresdefault-1-1.jpg\",\"contentUrl\":\"https:\/\/kellyleaning.com\/wp-content\/uploads\/maxresdefault-1-1.jpg\",\"width\":1280,\"height\":720,\"caption\":\"maxresdefault 1 1\"},{\"@type\":\"BreadcrumbList\",\"@id\":\"https:\/\/kellyleaning.com\/product\/akashic-healing-experience-release-reset-recalibrate\/#breadcrumb\",\"itemListElement\":[{\"@type\":\"ListItem\",\"position\":1,\"name\":\"Home\",\"item\":\"https:\/\/kellyleaning.com\/\"},{\"@type\":\"ListItem\",\"position\":2,\"name\":\"Shop\",\"item\":\"https:\/\/kellyleaning.com\/shop\/\"},{\"@type\":\"ListItem\",\"position\":3,\"name\":\"Akashic Healing Experience &#8211; Release, Reset, Recalibrate\"}]},{\"@type\":\"WebSite\",\"@id\":\"https:\/\/kellyleaning.com\/#website\",\"url\":\"https:\/\/kellyleaning.com\/\",\"name\":\"Kelly Leaning | Akashic Records Angelic Channelling Usui Holy Fire World Peace Reiki\",\"description\":\"Akashic Records Angelic Channelling Usui Holy Fire World Peace Reiki\",\"publisher\":{\"@id\":\"https:\/\/kellyleaning.com\/#organization\"},\"potentialAction\":[{\"@type\":\"SearchAction\",\"target\":{\"@type\":\"EntryPoint\",\"urlTemplate\":\"https:\/\/kellyleaning.com\/?s={search_term_string}\"},\"query-input\":{\"@type\":\"PropertyValueSpecification\",\"valueRequired\":true,\"valueName\":\"search_term_string\"}}],\"inLanguage\":\"de\"},{\"@type\":\"Organization\",\"@id\":\"https:\/\/kellyleaning.com\/#organization\",\"name\":\"Kelly Leaning | Akashic Records Angelic Channelling Usui Holy Fire World Peace Reiki\",\"url\":\"https:\/\/kellyleaning.com\/\",\"logo\":{\"@type\":\"ImageObject\",\"inLanguage\":\"de\",\"@id\":\"https:\/\/kellyleaning.com\/#\/schema\/logo\/image\/\",\"url\":\"https:\/\/kellyleaning.com\/wp-content\/uploads\/social-logo-scaled.jpg\",\"contentUrl\":\"https:\/\/kellyleaning.com\/wp-content\/uploads\/social-logo-scaled.jpg\",\"width\":2560,\"height\":1343,\"caption\":\"Kelly Leaning | Akashic Records Angelic Channelling Usui Holy Fire World Peace Reiki\"},\"image\":{\"@id\":\"https:\/\/kellyleaning.com\/#\/schema\/logo\/image\/\"},\"sameAs\":[\"http:\/\/instagram.com\/kellyleaning\",\"https:\/\/kellyleaning.teachable.com\/\",\"https:\/\/www.youtube.com\/channel\/UCL8l5zKj8gXEin7p0ZXGLPA\"]}]}<\/script>\n<!-- \/ Yoast SEO plugin. -->","yoast_head_json":{"title":"Akashic Healing Experience - Release, Reset, Recalibrate | Kelly Leaning","description":"Explore unique spiritual tools and resources crafted by Kelly Leaning to support your self-healing journey, intuitive growth, and energy alignment.","robots":{"index":"index","follow":"follow","max-snippet":"max-snippet:-1","max-image-preview":"max-image-preview:large","max-video-preview":"max-video-preview:-1"},"canonical":"https:\/\/kellyleaning.com\/de\/produkt\/akashic-healing-experience-release-reset-recalibrate\/","og_locale":"de_DE","og_type":"article","og_title":"Akashic Healing Experience - Release, Reset, Recalibrate | Kelly Leaning","og_description":"Explore unique spiritual tools and resources crafted by Kelly Leaning to support your self-healing journey, intuitive growth, and energy alignment.","og_url":"https:\/\/kellyleaning.com\/de\/produkt\/akashic-healing-experience-release-reset-recalibrate\/","og_site_name":"Kelly Leaning","article_modified_time":"2024-10-26T14:55:23+00:00","og_image":[{"width":1280,"height":720,"url":"https:\/\/kellyleaning.com\/wp-content\/uploads\/maxresdefault-1-1.jpg","type":"image\/jpeg"}],"twitter_card":"summary_large_image","schema":{"@context":"https:\/\/schema.org","@graph":[{"@type":["WebPage","ItemPage"],"@id":"https:\/\/kellyleaning.com\/product\/akashic-healing-experience-release-reset-recalibrate\/","url":"https:\/\/kellyleaning.com\/product\/akashic-healing-experience-release-reset-recalibrate\/","name":"Akashic Healing Experience - Release, Reset, Recalibrate | Kelly Leaning","isPartOf":{"@id":"https:\/\/kellyleaning.com\/#website"},"primaryImageOfPage":{"@id":"https:\/\/kellyleaning.com\/product\/akashic-healing-experience-release-reset-recalibrate\/#primaryimage"},"image":{"@id":"https:\/\/kellyleaning.com\/product\/akashic-healing-experience-release-reset-recalibrate\/#primaryimage"},"thumbnailUrl":"https:\/\/kellyleaning.com\/wp-content\/uploads\/maxresdefault-1-1.jpg","datePublished":"2024-09-16T16:13:35+00:00","dateModified":"2024-10-26T14:55:23+00:00","description":"Explore unique spiritual tools and resources crafted by Kelly Leaning to support your self-healing journey, intuitive growth, and energy alignment.","breadcrumb":{"@id":"https:\/\/kellyleaning.com\/product\/akashic-healing-experience-release-reset-recalibrate\/#breadcrumb"},"inLanguage":"de","potentialAction":[{"@type":"ReadAction","target":["https:\/\/kellyleaning.com\/product\/akashic-healing-experience-release-reset-recalibrate\/"]}]},{"@type":"ImageObject","inLanguage":"de","@id":"https:\/\/kellyleaning.com\/product\/akashic-healing-experience-release-reset-recalibrate\/#primaryimage","url":"https:\/\/kellyleaning.com\/wp-content\/uploads\/maxresdefault-1-1.jpg","contentUrl":"https:\/\/kellyleaning.com\/wp-content\/uploads\/maxresdefault-1-1.jpg","width":1280,"height":720,"caption":"maxresdefault 1 1"},{"@type":"BreadcrumbList","@id":"https:\/\/kellyleaning.com\/product\/akashic-healing-experience-release-reset-recalibrate\/#breadcrumb","itemListElement":[{"@type":"ListItem","position":1,"name":"Home","item":"https:\/\/kellyleaning.com\/"},{"@type":"ListItem","position":2,"name":"Shop","item":"https:\/\/kellyleaning.com\/shop\/"},{"@type":"ListItem","position":3,"name":"Akashic Healing Experience &#8211; Release, Reset, Recalibrate"}]},{"@type":"WebSite","@id":"https:\/\/kellyleaning.com\/#website","url":"https:\/\/kellyleaning.com\/","name":"Kelly Leaning | Akashic Records Angelic Channelling Usui Holy Fire World Peace Reiki","description":"Akashic Records Angelic Channelling Usui Holy Fire World Peace Reiki","publisher":{"@id":"https:\/\/kellyleaning.com\/#organization"},"potentialAction":[{"@type":"SearchAction","target":{"@type":"EntryPoint","urlTemplate":"https:\/\/kellyleaning.com\/?s={search_term_string}"},"query-input":{"@type":"PropertyValueSpecification","valueRequired":true,"valueName":"search_term_string"}}],"inLanguage":"de"},{"@type":"Organization","@id":"https:\/\/kellyleaning.com\/#organization","name":"Kelly Leaning | Akashic Records Angelic Channelling Usui Holy Fire World Peace Reiki","url":"https:\/\/kellyleaning.com\/","logo":{"@type":"ImageObject","inLanguage":"de","@id":"https:\/\/kellyleaning.com\/#\/schema\/logo\/image\/","url":"https:\/\/kellyleaning.com\/wp-content\/uploads\/social-logo-scaled.jpg","contentUrl":"https:\/\/kellyleaning.com\/wp-content\/uploads\/social-logo-scaled.jpg","width":2560,"height":1343,"caption":"Kelly Leaning | Akashic Records Angelic Channelling Usui Holy Fire World Peace Reiki"},"image":{"@id":"https:\/\/kellyleaning.com\/#\/schema\/logo\/image\/"},"sameAs":["http:\/\/instagram.com\/kellyleaning","https:\/\/kellyleaning.teachable.com\/","https:\/\/www.youtube.com\/channel\/UCL8l5zKj8gXEin7p0ZXGLPA"]}]}},"_links":{"self":[{"href":"https:\/\/kellyleaning.com\/de\/wp-json\/wp\/v2\/product\/4854"}],"collection":[{"href":"https:\/\/kellyleaning.com\/de\/wp-json\/wp\/v2\/product"}],"about":[{"href":"https:\/\/kellyleaning.com\/de\/wp-json\/wp\/v2\/types\/product"}],"wp:featuredmedia":[{"embeddable":true,"href":"https:\/\/kellyleaning.com\/de\/wp-json\/wp\/v2\/media\/4856"}],"wp:attachment":[{"href":"https:\/\/kellyleaning.com\/de\/wp-json\/wp\/v2\/media?parent=4854"}],"wp:term":[{"taxonomy":"product_cat","embeddable":true,"href":"https:\/\/kellyleaning.com\/de\/wp-json\/wp\/v2\/product_cat?post=4854"},{"taxonomy":"product_tag","embeddable":true,"href":"https:\/\/kellyleaning.com\/de\/wp-json\/wp\/v2\/product_tag?post=4854"}],"curies":[{"name":"wp","href":"https:\/\/api.w.org\/{rel}","templated":true}]}}