{"id":4851,"date":"2024-09-16T16:08:42","date_gmt":"2024-09-16T16:08:42","guid":{"rendered":"https:\/\/kellyleaning.com\/?post_type=product&#038;p=4851"},"modified":"2024-12-06T11:07:40","modified_gmt":"2024-12-06T11:07:40","slug":"akashic-healing-experience-888-portal-lions-gate-at-mount-shasta-and-the-pyramid-of-isis","status":"publish","type":"product","link":"https:\/\/kellyleaning.com\/de\/produkt\/akashic-healing-experience-888-portal-lions-gate-at-mount-shasta-and-the-pyramid-of-isis\/","title":{"rendered":"Akasha-Heilungserlebnis 888 Portal \u2013 L\u00f6wentor am Mount Shasta und die Pyramide der Isis"},"content":{"rendered":"","protected":false},"excerpt":{"rendered":"<p>Diese \u00dcbertragung wurde direkt vom Berg \u00fcber das 888-Portal gesendet. Dies ist wirklich eine \u00dcbertragung, um Ihr Feld gr\u00fcndlich zu reinigen, h\u00f6here Zeitlinien anzurufen und die Lichtcodes durch die gesprochene Lichtsprache zu verk\u00f6rpern, indem Sie sich mit dem Berg und der Pyramide der Isis verbinden. Es ist eine 45-min\u00fctige Heilungssitzung, die sehr wirksame Codes enth\u00e4lt. Sie sind nicht nur im Wurzelchakra unseres Planeten verankert und mit ihm verbunden, sondern Sie sind auch mit der G\u00f6ttin Isis vereint und k\u00f6nnen anschlie\u00dfend ihre Energie in Ihr Feld rufen, um Sie zu f\u00fchren und zu heilen und Ihre Magie zu manifestieren, w\u00e4hrend Ihre Tr\u00e4ume, Visionen und Ziele wahr werden und zum h\u00f6chsten Wohl aller in Ihre Realit\u00e4t geboren werden wollen. Sie bewegen sich zwischen den Welten<\/p>","protected":false},"featured_media":4850,"template":"","meta":{"_ppp_document_settings_meta":"","_links_to":"","_links_to_target":""},"product_cat":[107],"product_tag":[],"class_list":{"0":"post-4851","1":"product","2":"type-product","3":"status-publish","4":"has-post-thumbnail","6":"product_cat-meditations","8":"first","9":"instock","10":"virtual","11":"purchasable","12":"product-type-simple"},"bundled_by":[],"bundle_stock_status":"instock","bundle_stock_quantity":null,"bundle_virtual":false,"bundle_layout":"","bundle_add_to_cart_form_location":"","bundle_editable_in_cart":false,"bundle_sold_individually_context":"","bundle_item_grouping":"","bundle_min_size":"","bundle_max_size":"","bundle_price":[],"bundled_items":[],"bundle_sell_ids":[],"yoast_head":"<!-- This site is optimized with the Yoast SEO plugin v24.0 - https:\/\/yoast.com\/wordpress\/plugins\/seo\/ -->\n<title>Akashic Healing Experience 888 Portal - Lion\u2019s Gate at Mount Shasta and the Pyramid of Isis | Kelly Leaning<\/title>\n<meta name=\"description\" content=\"Explore unique spiritual tools and resources crafted by Kelly Leaning to support your self-healing journey, intuitive growth, and energy alignment.\" \/>\n<meta name=\"robots\" content=\"index, follow, max-snippet:-1, max-image-preview:large, max-video-preview:-1\" \/>\n<link rel=\"canonical\" href=\"https:\/\/kellyleaning.com\/de\/produkt\/akashic-healing-experience-888-portal-lions-gate-at-mount-shasta-and-the-pyramid-of-isis\/\" \/>\n<meta property=\"og:locale\" content=\"de_DE\" \/>\n<meta property=\"og:type\" content=\"article\" \/>\n<meta property=\"og:title\" content=\"Akashic Healing Experience 888 Portal - Lion\u2019s Gate at Mount Shasta and the Pyramid of Isis | Kelly Leaning\" \/>\n<meta property=\"og:description\" content=\"Explore unique spiritual tools and resources crafted by Kelly Leaning to support your self-healing journey, intuitive growth, and energy alignment.\" \/>\n<meta property=\"og:url\" content=\"https:\/\/kellyleaning.com\/de\/produkt\/akashic-healing-experience-888-portal-lions-gate-at-mount-shasta-and-the-pyramid-of-isis\/\" \/>\n<meta property=\"og:site_name\" content=\"Kelly Leaning\" \/>\n<meta property=\"article:modified_time\" content=\"2024-12-06T11:07:40+00:00\" \/>\n<meta property=\"og:image\" content=\"https:\/\/kellyleaning.com\/wp-content\/uploads\/maxresdefault.jpg\" \/>\n\t<meta property=\"og:image:width\" content=\"1280\" \/>\n\t<meta property=\"og:image:height\" content=\"720\" \/>\n\t<meta property=\"og:image:type\" content=\"image\/jpeg\" \/>\n<meta name=\"twitter:card\" content=\"summary_large_image\" \/>\n<script type=\"application\/ld+json\" class=\"yoast-schema-graph\">{\"@context\":\"https:\/\/schema.org\",\"@graph\":[{\"@type\":[\"WebPage\",\"ItemPage\"],\"@id\":\"https:\/\/kellyleaning.com\/product\/akashic-healing-experience-888-portal-lions-gate-at-mount-shasta-and-the-pyramid-of-isis\/\",\"url\":\"https:\/\/kellyleaning.com\/product\/akashic-healing-experience-888-portal-lions-gate-at-mount-shasta-and-the-pyramid-of-isis\/\",\"name\":\"Akashic Healing Experience 888 Portal - Lion\u2019s Gate at Mount Shasta and the Pyramid of Isis | Kelly Leaning\",\"isPartOf\":{\"@id\":\"https:\/\/kellyleaning.com\/#website\"},\"primaryImageOfPage\":{\"@id\":\"https:\/\/kellyleaning.com\/product\/akashic-healing-experience-888-portal-lions-gate-at-mount-shasta-and-the-pyramid-of-isis\/#primaryimage\"},\"image\":{\"@id\":\"https:\/\/kellyleaning.com\/product\/akashic-healing-experience-888-portal-lions-gate-at-mount-shasta-and-the-pyramid-of-isis\/#primaryimage\"},\"thumbnailUrl\":\"https:\/\/kellyleaning.com\/wp-content\/uploads\/maxresdefault.jpg\",\"datePublished\":\"2024-09-16T16:08:42+00:00\",\"dateModified\":\"2024-12-06T11:07:40+00:00\",\"description\":\"Explore unique spiritual tools and resources crafted by Kelly Leaning to support your self-healing journey, intuitive growth, and energy alignment.\",\"breadcrumb\":{\"@id\":\"https:\/\/kellyleaning.com\/product\/akashic-healing-experience-888-portal-lions-gate-at-mount-shasta-and-the-pyramid-of-isis\/#breadcrumb\"},\"inLanguage\":\"de\",\"potentialAction\":[{\"@type\":\"ReadAction\",\"target\":[\"https:\/\/kellyleaning.com\/product\/akashic-healing-experience-888-portal-lions-gate-at-mount-shasta-and-the-pyramid-of-isis\/\"]}]},{\"@type\":\"ImageObject\",\"inLanguage\":\"de\",\"@id\":\"https:\/\/kellyleaning.com\/product\/akashic-healing-experience-888-portal-lions-gate-at-mount-shasta-and-the-pyramid-of-isis\/#primaryimage\",\"url\":\"https:\/\/kellyleaning.com\/wp-content\/uploads\/maxresdefault.jpg\",\"contentUrl\":\"https:\/\/kellyleaning.com\/wp-content\/uploads\/maxresdefault.jpg\",\"width\":1280,\"height\":720,\"caption\":\"maxresdefault\"},{\"@type\":\"BreadcrumbList\",\"@id\":\"https:\/\/kellyleaning.com\/product\/akashic-healing-experience-888-portal-lions-gate-at-mount-shasta-and-the-pyramid-of-isis\/#breadcrumb\",\"itemListElement\":[{\"@type\":\"ListItem\",\"position\":1,\"name\":\"Home\",\"item\":\"https:\/\/kellyleaning.com\/\"},{\"@type\":\"ListItem\",\"position\":2,\"name\":\"Shop\",\"item\":\"https:\/\/kellyleaning.com\/shop\/\"},{\"@type\":\"ListItem\",\"position\":3,\"name\":\"Akashic Healing Experience 888 Portal &#8211; Lion\u2019s Gate at Mount Shasta and the Pyramid of Isis\"}]},{\"@type\":\"WebSite\",\"@id\":\"https:\/\/kellyleaning.com\/#website\",\"url\":\"https:\/\/kellyleaning.com\/\",\"name\":\"Kelly Leaning | Akashic Records Angelic Channelling Usui Holy Fire World Peace Reiki\",\"description\":\"Akashic Records Angelic Channelling Usui Holy Fire World Peace Reiki\",\"publisher\":{\"@id\":\"https:\/\/kellyleaning.com\/#organization\"},\"potentialAction\":[{\"@type\":\"SearchAction\",\"target\":{\"@type\":\"EntryPoint\",\"urlTemplate\":\"https:\/\/kellyleaning.com\/?s={search_term_string}\"},\"query-input\":{\"@type\":\"PropertyValueSpecification\",\"valueRequired\":true,\"valueName\":\"search_term_string\"}}],\"inLanguage\":\"de\"},{\"@type\":\"Organization\",\"@id\":\"https:\/\/kellyleaning.com\/#organization\",\"name\":\"Kelly Leaning | Akashic Records Angelic Channelling Usui Holy Fire World Peace Reiki\",\"url\":\"https:\/\/kellyleaning.com\/\",\"logo\":{\"@type\":\"ImageObject\",\"inLanguage\":\"de\",\"@id\":\"https:\/\/kellyleaning.com\/#\/schema\/logo\/image\/\",\"url\":\"https:\/\/kellyleaning.com\/wp-content\/uploads\/social-logo-scaled.jpg\",\"contentUrl\":\"https:\/\/kellyleaning.com\/wp-content\/uploads\/social-logo-scaled.jpg\",\"width\":2560,\"height\":1343,\"caption\":\"Kelly Leaning | Akashic Records Angelic Channelling Usui Holy Fire World Peace Reiki\"},\"image\":{\"@id\":\"https:\/\/kellyleaning.com\/#\/schema\/logo\/image\/\"},\"sameAs\":[\"http:\/\/instagram.com\/kellyleaning\",\"https:\/\/kellyleaning.teachable.com\/\",\"https:\/\/www.youtube.com\/channel\/UCL8l5zKj8gXEin7p0ZXGLPA\"]}]}<\/script>\n<!-- \/ Yoast SEO plugin. -->","yoast_head_json":{"title":"Akashic Healing Experience 888 Portal - Lion\u2019s Gate at Mount Shasta and the Pyramid of Isis | Kelly Leaning","description":"Explore unique spiritual tools and resources crafted by Kelly Leaning to support your self-healing journey, intuitive growth, and energy alignment.","robots":{"index":"index","follow":"follow","max-snippet":"max-snippet:-1","max-image-preview":"max-image-preview:large","max-video-preview":"max-video-preview:-1"},"canonical":"https:\/\/kellyleaning.com\/de\/produkt\/akashic-healing-experience-888-portal-lions-gate-at-mount-shasta-and-the-pyramid-of-isis\/","og_locale":"de_DE","og_type":"article","og_title":"Akashic Healing Experience 888 Portal - Lion\u2019s Gate at Mount Shasta and the Pyramid of Isis | Kelly Leaning","og_description":"Explore unique spiritual tools and resources crafted by Kelly Leaning to support your self-healing journey, intuitive growth, and energy alignment.","og_url":"https:\/\/kellyleaning.com\/de\/produkt\/akashic-healing-experience-888-portal-lions-gate-at-mount-shasta-and-the-pyramid-of-isis\/","og_site_name":"Kelly Leaning","article_modified_time":"2024-12-06T11:07:40+00:00","og_image":[{"width":1280,"height":720,"url":"https:\/\/kellyleaning.com\/wp-content\/uploads\/maxresdefault.jpg","type":"image\/jpeg"}],"twitter_card":"summary_large_image","schema":{"@context":"https:\/\/schema.org","@graph":[{"@type":["WebPage","ItemPage"],"@id":"https:\/\/kellyleaning.com\/product\/akashic-healing-experience-888-portal-lions-gate-at-mount-shasta-and-the-pyramid-of-isis\/","url":"https:\/\/kellyleaning.com\/product\/akashic-healing-experience-888-portal-lions-gate-at-mount-shasta-and-the-pyramid-of-isis\/","name":"Akashic Healing Experience 888 Portal - Lion\u2019s Gate at Mount Shasta and the Pyramid of Isis | Kelly Leaning","isPartOf":{"@id":"https:\/\/kellyleaning.com\/#website"},"primaryImageOfPage":{"@id":"https:\/\/kellyleaning.com\/product\/akashic-healing-experience-888-portal-lions-gate-at-mount-shasta-and-the-pyramid-of-isis\/#primaryimage"},"image":{"@id":"https:\/\/kellyleaning.com\/product\/akashic-healing-experience-888-portal-lions-gate-at-mount-shasta-and-the-pyramid-of-isis\/#primaryimage"},"thumbnailUrl":"https:\/\/kellyleaning.com\/wp-content\/uploads\/maxresdefault.jpg","datePublished":"2024-09-16T16:08:42+00:00","dateModified":"2024-12-06T11:07:40+00:00","description":"Explore unique spiritual tools and resources crafted by Kelly Leaning to support your self-healing journey, intuitive growth, and energy alignment.","breadcrumb":{"@id":"https:\/\/kellyleaning.com\/product\/akashic-healing-experience-888-portal-lions-gate-at-mount-shasta-and-the-pyramid-of-isis\/#breadcrumb"},"inLanguage":"de","potentialAction":[{"@type":"ReadAction","target":["https:\/\/kellyleaning.com\/product\/akashic-healing-experience-888-portal-lions-gate-at-mount-shasta-and-the-pyramid-of-isis\/"]}]},{"@type":"ImageObject","inLanguage":"de","@id":"https:\/\/kellyleaning.com\/product\/akashic-healing-experience-888-portal-lions-gate-at-mount-shasta-and-the-pyramid-of-isis\/#primaryimage","url":"https:\/\/kellyleaning.com\/wp-content\/uploads\/maxresdefault.jpg","contentUrl":"https:\/\/kellyleaning.com\/wp-content\/uploads\/maxresdefault.jpg","width":1280,"height":720,"caption":"maxresdefault"},{"@type":"BreadcrumbList","@id":"https:\/\/kellyleaning.com\/product\/akashic-healing-experience-888-portal-lions-gate-at-mount-shasta-and-the-pyramid-of-isis\/#breadcrumb","itemListElement":[{"@type":"ListItem","position":1,"name":"Home","item":"https:\/\/kellyleaning.com\/"},{"@type":"ListItem","position":2,"name":"Shop","item":"https:\/\/kellyleaning.com\/shop\/"},{"@type":"ListItem","position":3,"name":"Akashic Healing Experience 888 Portal &#8211; Lion\u2019s Gate at Mount Shasta and the Pyramid of Isis"}]},{"@type":"WebSite","@id":"https:\/\/kellyleaning.com\/#website","url":"https:\/\/kellyleaning.com\/","name":"Kelly Leaning | Akashic Records Angelic Channelling Usui Holy Fire World Peace Reiki","description":"Akashic Records Angelic Channelling Usui Holy Fire World Peace Reiki","publisher":{"@id":"https:\/\/kellyleaning.com\/#organization"},"potentialAction":[{"@type":"SearchAction","target":{"@type":"EntryPoint","urlTemplate":"https:\/\/kellyleaning.com\/?s={search_term_string}"},"query-input":{"@type":"PropertyValueSpecification","valueRequired":true,"valueName":"search_term_string"}}],"inLanguage":"de"},{"@type":"Organization","@id":"https:\/\/kellyleaning.com\/#organization","name":"Kelly Leaning | Akashic Records Angelic Channelling Usui Holy Fire World Peace Reiki","url":"https:\/\/kellyleaning.com\/","logo":{"@type":"ImageObject","inLanguage":"de","@id":"https:\/\/kellyleaning.com\/#\/schema\/logo\/image\/","url":"https:\/\/kellyleaning.com\/wp-content\/uploads\/social-logo-scaled.jpg","contentUrl":"https:\/\/kellyleaning.com\/wp-content\/uploads\/social-logo-scaled.jpg","width":2560,"height":1343,"caption":"Kelly Leaning | Akashic Records Angelic Channelling Usui Holy Fire World Peace Reiki"},"image":{"@id":"https:\/\/kellyleaning.com\/#\/schema\/logo\/image\/"},"sameAs":["http:\/\/instagram.com\/kellyleaning","https:\/\/kellyleaning.teachable.com\/","https:\/\/www.youtube.com\/channel\/UCL8l5zKj8gXEin7p0ZXGLPA"]}]}},"_links":{"self":[{"href":"https:\/\/kellyleaning.com\/de\/wp-json\/wp\/v2\/product\/4851"}],"collection":[{"href":"https:\/\/kellyleaning.com\/de\/wp-json\/wp\/v2\/product"}],"about":[{"href":"https:\/\/kellyleaning.com\/de\/wp-json\/wp\/v2\/types\/product"}],"wp:featuredmedia":[{"embeddable":true,"href":"https:\/\/kellyleaning.com\/de\/wp-json\/wp\/v2\/media\/4850"}],"wp:attachment":[{"href":"https:\/\/kellyleaning.com\/de\/wp-json\/wp\/v2\/media?parent=4851"}],"wp:term":[{"taxonomy":"product_cat","embeddable":true,"href":"https:\/\/kellyleaning.com\/de\/wp-json\/wp\/v2\/product_cat?post=4851"},{"taxonomy":"product_tag","embeddable":true,"href":"https:\/\/kellyleaning.com\/de\/wp-json\/wp\/v2\/product_tag?post=4851"}],"curies":[{"name":"wp","href":"https:\/\/api.w.org\/{rel}","templated":true}]}}